{"id":1525,"date":"2018-03-19T16:18:32","date_gmt":"2018-03-19T16:18:32","guid":{"rendered":"http:\/\/marcamadeira.com\/marina\/?page_id=1525"},"modified":"2022-05-25T17:20:50","modified_gmt":"2022-05-25T17:20:50","slug":"inquerito","status":"publish","type":"page","link":"https:\/\/www.marinadofunchal.pt\/islandmadeira\/inquerito\/","title":{"rendered":"Inqu\u00e9rito"},"content":{"rendered":"\t\t<div data-elementor-type=\"wp-page\" data-elementor-id=\"1525\" class=\"elementor elementor-1525\">\n\t\t\t\t\t\t<div class=\"elementor-inner\">\n\t\t\t\t<div class=\"elementor-section-wrap\">\n\t\t\t\t\t\t\t\t\t<section class=\"elementor-section elementor-top-section elementor-element elementor-element-58e5a880 elementor-section-boxed elementor-section-height-default elementor-section-height-default sc_fly_static\" data-id=\"58e5a880\" data-element_type=\"section\">\n\t\t\t\t\t\t<div class=\"elementor-container elementor-column-gap-extended\">\n\t\t\t\t\t\t\t<div class=\"elementor-row\">\n\t\t\t\t\t<div class=\"elementor-column elementor-col-50 elementor-top-column elementor-element elementor-element-7f0f4cd7 sc_inner_width_none sc_content_align_inherit sc_layouts_column_icons_position_left sc_fly_static\" data-id=\"7f0f4cd7\" data-element_type=\"column\">\n\t\t\t<div class=\"elementor-column-wrap elementor-element-populated\">\n\t\t\t\t\t\t\t<div class=\"elementor-widget-wrap\">\n\t\t\t\t\t\t<div class=\"elementor-element elementor-element-9dac559 sc_fly_static elementor-widget elementor-widget-image\" data-id=\"9dac559\" data-element_type=\"widget\" data-widget_type=\"image.default\">\n\t\t\t\t<div class=\"elementor-widget-container\">\n\t\t\t\t\t\t\t\t<div class=\"elementor-image\">\n\t\t\t\t\t\t\t\t\t\t\t\t<img loading=\"lazy\" decoding=\"async\" width=\"800\" height=\"532\" src=\"https:\/\/www.marinadofunchal.pt\/islandmadeira\/wp-content\/uploads\/2018\/03\/foto.jpg\" class=\"attachment-full size-full\" alt=\"\" srcset=\"https:\/\/www.marinadofunchal.pt\/islandmadeira\/wp-content\/uploads\/2018\/03\/foto.jpg 800w, https:\/\/www.marinadofunchal.pt\/islandmadeira\/wp-content\/uploads\/2018\/03\/foto-300x200.jpg 300w, https:\/\/www.marinadofunchal.pt\/islandmadeira\/wp-content\/uploads\/2018\/03\/foto-768x511.jpg 768w, https:\/\/www.marinadofunchal.pt\/islandmadeira\/wp-content\/uploads\/2018\/03\/foto-370x246.jpg 370w, https:\/\/www.marinadofunchal.pt\/islandmadeira\/wp-content\/uploads\/2018\/03\/foto-410x273.jpg 410w\" sizes=\"auto, (max-width: 800px) 100vw, 800px\" \/>\t\t\t\t\t\t\t\t\t\t\t\t\t\t<\/div>\n\t\t\t\t\t\t<\/div>\n\t\t\t\t<\/div>\n\t\t\t\t\t\t<\/div>\n\t\t\t\t\t<\/div>\n\t\t<\/div>\n\t\t\t\t<div class=\"elementor-column elementor-col-50 elementor-top-column elementor-element elementor-element-78b6ddf3 sc_inner_width_none sc_content_align_inherit sc_layouts_column_icons_position_left sc_fly_static\" data-id=\"78b6ddf3\" data-element_type=\"column\">\n\t\t\t<div class=\"elementor-column-wrap elementor-element-populated\">\n\t\t\t\t\t\t\t<div class=\"elementor-widget-wrap\">\n\t\t\t\t\t\t<div class=\"elementor-element elementor-element-559c3819 sc_fly_static elementor-widget elementor-widget-text-editor\" data-id=\"559c3819\" data-element_type=\"widget\" data-widget_type=\"text-editor.default\">\n\t\t\t\t<div class=\"elementor-widget-container\">\n\t\t\t\t\t\t\t\t<div class=\"elementor-text-editor elementor-clearfix\">\n\t\t\t\t<p>Caro utente a sua opini\u00e3o pode-nos ajudar a melhorar os servi\u00e7os prestados na Marina do Funchal, pelo que pedimos que disponibilize algum do seu tempo a responder ao respectivo inqu\u00e9rito abaixo.<\/p><p>\u00a0<\/p><p><!-- d28e7a4408ccd8b276a3b3ba28a2939f --><\/p>\t\t\t\t\t<\/div>\n\t\t\t\t\t\t<\/div>\n\t\t\t\t<\/div>\n\t\t\t\t<div class=\"elementor-element elementor-element-2024ea6 sc_fly_static elementor-widget elementor-widget-button\" data-id=\"2024ea6\" data-element_type=\"widget\" data-widget_type=\"button.default\">\n\t\t\t\t<div class=\"elementor-widget-container\">\n\t\t\t\t\t<div class=\"elementor-button-wrapper\">\n\t\t\t<a href=\"\/islandmadeira\/inquerito-de-satisfacao\/\" class=\"elementor-button-link elementor-button elementor-size-sm\" role=\"button\">\n\t\t\t\t\t\t<span class=\"elementor-button-content-wrapper\">\n\t\t\t\t\t\t\t<span class=\"elementor-button-icon elementor-align-icon-left\">\n\t\t\t\t<i aria-hidden=\"true\" class=\"fas fa-marker\"><\/i>\t\t\t<\/span>\n\t\t\t\t\t\t<span class=\"elementor-button-text\">Embarca\u00e7\u00f5es Locais<\/span>\n\t\t<\/span>\n\t\t\t\t\t<\/a>\n\t\t<\/div>\n\t\t\t\t<\/div>\n\t\t\t\t<\/div>\n\t\t\t\t<div class=\"elementor-element elementor-element-c8825bd sc_fly_static elementor-widget elementor-widget-button\" data-id=\"c8825bd\" data-element_type=\"widget\" data-widget_type=\"button.default\">\n\t\t\t\t<div class=\"elementor-widget-container\">\n\t\t\t\t\t<div class=\"elementor-button-wrapper\">\n\t\t\t<a href=\"\/islandmadeira\/inquerito-de-satisfacao-2\/\" class=\"elementor-button-link elementor-button elementor-size-sm\" role=\"button\">\n\t\t\t\t\t\t<span class=\"elementor-button-content-wrapper\">\n\t\t\t\t\t\t\t<span class=\"elementor-button-icon elementor-align-icon-left\">\n\t\t\t\t<i aria-hidden=\"true\" class=\"fas fa-marker\"><\/i>\t\t\t<\/span>\n\t\t\t\t\t\t<span class=\"elementor-button-text\">Embarca\u00e7\u00f5es de Passagem<\/span>\n\t\t<\/span>\n\t\t\t\t\t<\/a>\n\t\t<\/div>\n\t\t\t\t<\/div>\n\t\t\t\t<\/div>\n\t\t\t\t\t\t<\/div>\n\t\t\t\t\t<\/div>\n\t\t<\/div>\n\t\t\t\t\t\t\t\t<\/div>\n\t\t\t\t\t<\/div>\n\t\t<\/section>\n\t\t\t\t\t\t\t\t\t<\/div>\n\t\t\t<\/div>\n\t\t\t\t\t<\/div>\n\t\t","protected":false},"excerpt":{"rendered":"<p>Caro utente a sua opini\u00e3o pode-nos ajudar a melhorar os servi\u00e7os prestados na Marina do&hellip;<\/p>\n","protected":false},"author":1,"featured_media":1822,"parent":0,"menu_order":0,"comment_status":"closed","ping_status":"closed","template":"","meta":{"footnotes":""},"class_list":["post-1525","page","type-page","status-publish","has-post-thumbnail","hentry"],"yoast_head":"<!-- This site is optimized with the Yoast SEO plugin v27.0 - https:\/\/yoast.com\/product\/yoast-seo-wordpress\/ -->\n<title>Inqu\u00e9rito - Marina do Funchal<\/title>\n<meta name=\"robots\" content=\"index, follow, max-snippet:-1, max-image-preview:large, max-video-preview:-1\" \/>\n<link rel=\"canonical\" href=\"https:\/\/www.marinadofunchal.pt\/islandmadeira\/inquerito\/\" \/>\n<meta property=\"og:locale\" content=\"pt_PT\" \/>\n<meta property=\"og:type\" content=\"article\" \/>\n<meta property=\"og:title\" content=\"Inqu\u00e9rito - Marina do Funchal\" \/>\n<meta property=\"og:description\" content=\"Caro utente a sua opini\u00e3o pode-nos ajudar a melhorar os servi\u00e7os prestados na Marina do&hellip;\" \/>\n<meta property=\"og:url\" content=\"https:\/\/www.marinadofunchal.pt\/islandmadeira\/inquerito\/\" \/>\n<meta property=\"og:site_name\" content=\"Marina do Funchal\" \/>\n<meta property=\"article:modified_time\" content=\"2022-05-25T17:20:50+00:00\" \/>\n<meta property=\"og:image\" content=\"http:\/\/www.marinadofunchal.pt\/islandmadeira\/wp-content\/uploads\/2018\/03\/18.jpg\" \/>\n\t<meta property=\"og:image:width\" content=\"800\" \/>\n\t<meta property=\"og:image:height\" content=\"533\" \/>\n\t<meta property=\"og:image:type\" content=\"image\/jpeg\" \/>\n<meta name=\"twitter:card\" content=\"summary_large_image\" \/>\n<meta name=\"twitter:label1\" content=\"Tempo estimado de leitura\" \/>\n\t<meta name=\"twitter:data1\" content=\"1 minuto\" \/>\n<script type=\"application\/ld+json\" class=\"yoast-schema-graph\">{\"@context\":\"https:\/\/schema.org\",\"@graph\":[{\"@type\":\"WebPage\",\"@id\":\"https:\/\/www.marinadofunchal.pt\/islandmadeira\/inquerito\/\",\"url\":\"https:\/\/www.marinadofunchal.pt\/islandmadeira\/inquerito\/\",\"name\":\"Inqu\u00e9rito - Marina do Funchal\",\"isPartOf\":{\"@id\":\"https:\/\/www.marinadofunchal.pt\/islandmadeira\/#website\"},\"primaryImageOfPage\":{\"@id\":\"https:\/\/www.marinadofunchal.pt\/islandmadeira\/inquerito\/#primaryimage\"},\"image\":{\"@id\":\"https:\/\/www.marinadofunchal.pt\/islandmadeira\/inquerito\/#primaryimage\"},\"thumbnailUrl\":\"https:\/\/www.marinadofunchal.pt\/islandmadeira\/wp-content\/uploads\/2018\/03\/18.jpg\",\"datePublished\":\"2018-03-19T16:18:32+00:00\",\"dateModified\":\"2022-05-25T17:20:50+00:00\",\"breadcrumb\":{\"@id\":\"https:\/\/www.marinadofunchal.pt\/islandmadeira\/inquerito\/#breadcrumb\"},\"inLanguage\":\"pt-PT\",\"potentialAction\":[{\"@type\":\"ReadAction\",\"target\":[\"https:\/\/www.marinadofunchal.pt\/islandmadeira\/inquerito\/\"]}]},{\"@type\":\"ImageObject\",\"inLanguage\":\"pt-PT\",\"@id\":\"https:\/\/www.marinadofunchal.pt\/islandmadeira\/inquerito\/#primaryimage\",\"url\":\"https:\/\/www.marinadofunchal.pt\/islandmadeira\/wp-content\/uploads\/2018\/03\/18.jpg\",\"contentUrl\":\"https:\/\/www.marinadofunchal.pt\/islandmadeira\/wp-content\/uploads\/2018\/03\/18.jpg\",\"width\":800,\"height\":533},{\"@type\":\"BreadcrumbList\",\"@id\":\"https:\/\/www.marinadofunchal.pt\/islandmadeira\/inquerito\/#breadcrumb\",\"itemListElement\":[{\"@type\":\"ListItem\",\"position\":1,\"name\":\"In\u00edcio\",\"item\":\"https:\/\/www.marinadofunchal.pt\/islandmadeira\/\"},{\"@type\":\"ListItem\",\"position\":2,\"name\":\"Inqu\u00e9rito\"}]},{\"@type\":\"WebSite\",\"@id\":\"https:\/\/www.marinadofunchal.pt\/islandmadeira\/#website\",\"url\":\"https:\/\/www.marinadofunchal.pt\/islandmadeira\/\",\"name\":\"Marina do Funchal\",\"description\":\"Ilha da Madeira\",\"publisher\":{\"@id\":\"https:\/\/www.marinadofunchal.pt\/islandmadeira\/#organization\"},\"potentialAction\":[{\"@type\":\"SearchAction\",\"target\":{\"@type\":\"EntryPoint\",\"urlTemplate\":\"https:\/\/www.marinadofunchal.pt\/islandmadeira\/?s={search_term_string}\"},\"query-input\":{\"@type\":\"PropertyValueSpecification\",\"valueRequired\":true,\"valueName\":\"search_term_string\"}}],\"inLanguage\":\"pt-PT\"},{\"@type\":\"Organization\",\"@id\":\"https:\/\/www.marinadofunchal.pt\/islandmadeira\/#organization\",\"name\":\"Marina do Funchal\",\"url\":\"https:\/\/www.marinadofunchal.pt\/islandmadeira\/\",\"logo\":{\"@type\":\"ImageObject\",\"inLanguage\":\"pt-PT\",\"@id\":\"https:\/\/www.marinadofunchal.pt\/islandmadeira\/#\/schema\/logo\/image\/\",\"url\":\"https:\/\/www.marinadofunchal.pt\/islandmadeira\/wp-content\/uploads\/2022\/05\/logo.jpeg\",\"contentUrl\":\"https:\/\/www.marinadofunchal.pt\/islandmadeira\/wp-content\/uploads\/2022\/05\/logo.jpeg\",\"width\":200,\"height\":268,\"caption\":\"Marina do Funchal\"},\"image\":{\"@id\":\"https:\/\/www.marinadofunchal.pt\/islandmadeira\/#\/schema\/logo\/image\/\"}}]}<\/script>\n<!-- \/ Yoast SEO plugin. -->","yoast_head_json":{"title":"Inqu\u00e9rito - Marina do Funchal","robots":{"index":"index","follow":"follow","max-snippet":"max-snippet:-1","max-image-preview":"max-image-preview:large","max-video-preview":"max-video-preview:-1"},"canonical":"https:\/\/www.marinadofunchal.pt\/islandmadeira\/inquerito\/","og_locale":"pt_PT","og_type":"article","og_title":"Inqu\u00e9rito - Marina do Funchal","og_description":"Caro utente a sua opini\u00e3o pode-nos ajudar a melhorar os servi\u00e7os prestados na Marina do&hellip;","og_url":"https:\/\/www.marinadofunchal.pt\/islandmadeira\/inquerito\/","og_site_name":"Marina do Funchal","article_modified_time":"2022-05-25T17:20:50+00:00","og_image":[{"width":800,"height":533,"url":"http:\/\/www.marinadofunchal.pt\/islandmadeira\/wp-content\/uploads\/2018\/03\/18.jpg","type":"image\/jpeg"}],"twitter_card":"summary_large_image","twitter_misc":{"Tempo estimado de leitura":"1 minuto"},"schema":{"@context":"https:\/\/schema.org","@graph":[{"@type":"WebPage","@id":"https:\/\/www.marinadofunchal.pt\/islandmadeira\/inquerito\/","url":"https:\/\/www.marinadofunchal.pt\/islandmadeira\/inquerito\/","name":"Inqu\u00e9rito - Marina do Funchal","isPartOf":{"@id":"https:\/\/www.marinadofunchal.pt\/islandmadeira\/#website"},"primaryImageOfPage":{"@id":"https:\/\/www.marinadofunchal.pt\/islandmadeira\/inquerito\/#primaryimage"},"image":{"@id":"https:\/\/www.marinadofunchal.pt\/islandmadeira\/inquerito\/#primaryimage"},"thumbnailUrl":"https:\/\/www.marinadofunchal.pt\/islandmadeira\/wp-content\/uploads\/2018\/03\/18.jpg","datePublished":"2018-03-19T16:18:32+00:00","dateModified":"2022-05-25T17:20:50+00:00","breadcrumb":{"@id":"https:\/\/www.marinadofunchal.pt\/islandmadeira\/inquerito\/#breadcrumb"},"inLanguage":"pt-PT","potentialAction":[{"@type":"ReadAction","target":["https:\/\/www.marinadofunchal.pt\/islandmadeira\/inquerito\/"]}]},{"@type":"ImageObject","inLanguage":"pt-PT","@id":"https:\/\/www.marinadofunchal.pt\/islandmadeira\/inquerito\/#primaryimage","url":"https:\/\/www.marinadofunchal.pt\/islandmadeira\/wp-content\/uploads\/2018\/03\/18.jpg","contentUrl":"https:\/\/www.marinadofunchal.pt\/islandmadeira\/wp-content\/uploads\/2018\/03\/18.jpg","width":800,"height":533},{"@type":"BreadcrumbList","@id":"https:\/\/www.marinadofunchal.pt\/islandmadeira\/inquerito\/#breadcrumb","itemListElement":[{"@type":"ListItem","position":1,"name":"In\u00edcio","item":"https:\/\/www.marinadofunchal.pt\/islandmadeira\/"},{"@type":"ListItem","position":2,"name":"Inqu\u00e9rito"}]},{"@type":"WebSite","@id":"https:\/\/www.marinadofunchal.pt\/islandmadeira\/#website","url":"https:\/\/www.marinadofunchal.pt\/islandmadeira\/","name":"Marina do Funchal","description":"Ilha da Madeira","publisher":{"@id":"https:\/\/www.marinadofunchal.pt\/islandmadeira\/#organization"},"potentialAction":[{"@type":"SearchAction","target":{"@type":"EntryPoint","urlTemplate":"https:\/\/www.marinadofunchal.pt\/islandmadeira\/?s={search_term_string}"},"query-input":{"@type":"PropertyValueSpecification","valueRequired":true,"valueName":"search_term_string"}}],"inLanguage":"pt-PT"},{"@type":"Organization","@id":"https:\/\/www.marinadofunchal.pt\/islandmadeira\/#organization","name":"Marina do Funchal","url":"https:\/\/www.marinadofunchal.pt\/islandmadeira\/","logo":{"@type":"ImageObject","inLanguage":"pt-PT","@id":"https:\/\/www.marinadofunchal.pt\/islandmadeira\/#\/schema\/logo\/image\/","url":"https:\/\/www.marinadofunchal.pt\/islandmadeira\/wp-content\/uploads\/2022\/05\/logo.jpeg","contentUrl":"https:\/\/www.marinadofunchal.pt\/islandmadeira\/wp-content\/uploads\/2022\/05\/logo.jpeg","width":200,"height":268,"caption":"Marina do Funchal"},"image":{"@id":"https:\/\/www.marinadofunchal.pt\/islandmadeira\/#\/schema\/logo\/image\/"}}]}},"_links":{"self":[{"href":"https:\/\/www.marinadofunchal.pt\/islandmadeira\/wp-json\/wp\/v2\/pages\/1525","targetHints":{"allow":["GET"]}}],"collection":[{"href":"https:\/\/www.marinadofunchal.pt\/islandmadeira\/wp-json\/wp\/v2\/pages"}],"about":[{"href":"https:\/\/www.marinadofunchal.pt\/islandmadeira\/wp-json\/wp\/v2\/types\/page"}],"author":[{"embeddable":true,"href":"https:\/\/www.marinadofunchal.pt\/islandmadeira\/wp-json\/wp\/v2\/users\/1"}],"replies":[{"embeddable":true,"href":"https:\/\/www.marinadofunchal.pt\/islandmadeira\/wp-json\/wp\/v2\/comments?post=1525"}],"version-history":[{"count":16,"href":"https:\/\/www.marinadofunchal.pt\/islandmadeira\/wp-json\/wp\/v2\/pages\/1525\/revisions"}],"predecessor-version":[{"id":18418,"href":"https:\/\/www.marinadofunchal.pt\/islandmadeira\/wp-json\/wp\/v2\/pages\/1525\/revisions\/18418"}],"wp:featuredmedia":[{"embeddable":true,"href":"https:\/\/www.marinadofunchal.pt\/islandmadeira\/wp-json\/wp\/v2\/media\/1822"}],"wp:attachment":[{"href":"https:\/\/www.marinadofunchal.pt\/islandmadeira\/wp-json\/wp\/v2\/media?parent=1525"}],"curies":[{"name":"wp","href":"https:\/\/api.w.org\/{rel}","templated":true}]}}